{"id":472,"date":"2016-11-17T10:01:01","date_gmt":"2016-11-17T09:01:01","guid":{"rendered":"https:\/\/www.t80.cat\/inicio\/"},"modified":"2017-02-13T09:42:10","modified_gmt":"2017-02-13T08:42:10","slug":"inici","status":"publish","type":"page","link":"https:\/\/www.t80.cat\/ca\/","title":{"rendered":"Inici"},"content":{"rendered":"<p>[vc_row row_type=&#8221;row&#8221; use_row_as_full_screen_section=&#8221;no&#8221; type=&#8221;full_width&#8221; text_align=&#8221;left&#8221; padding_bottom=&#8221;10&#8243; css_animation=&#8221;&#8221;][vc_column][vc_gallery interval=&#8221;3&#8243; images=&#8221;529,528,527,526,525,524&#8243; img_size=&#8221;full&#8221; onclick=&#8221;custom_link&#8221; custom_links=&#8221;#E-8_aHR0cCUzQSUyRiUyRnd3dy50ODAuY2F0JTJGY2ElMkZwcm9qZWN0ZXMtaS1vYnJlcyUyRiUyQ2h0dHAlM0ElMkYlMkZ3d3cudDgwLmNhdCUyRmNhJTJGcHJvamVjdGVzLWktb2JyZXMlMkYlMkNodHRwJTNBJTJGJTJGd3d3LnQ4MC5jYXQlMkZjYSUyRnByb2plY3Rlcy1pLW9icmVzJTJGJTJDaHR0cCUzQSUyRiUyRnd3dy50ODAuY2F0JTJGY2ElMkZwcm9qZWN0ZXMtaS1vYnJlcyUyRiUyQ2h0dHAlM0ElMkYlMkZ3d3cudDgwLmNhdCUyRmNhJTJGcHJvamVjdGVzLWktb2JyZXMlMkYlMkNodHRwJTNBJTJGJTJGd3d3LnQ4MC5jYXQlMkZjYSUyRnByb2plY3Rlcy1pLW9icmVzJTJGJTJDaHR0cCUzQSUyRiUyRnd3dy50ODAuY2F0JTJGY2ElMkZwcm9qZWN0ZXMtaS1vYnJlcyUyRg==&#8221;][\/vc_column][\/vc_row]<\/p>\n","protected":false},"excerpt":{"rendered":"<p>[vc_row row_type=&#8221;row&#8221; use_row_as_full_screen_section=&#8221;no&#8221; type=&#8221;full_width&#8221; text_align=&#8221;left&#8221; padding_bottom=&#8221;10&#8243; css_animation=&#8221;&#8221;][vc_column][vc_gallery interval=&#8221;3&#8243; images=&#8221;529,528,527,526,525,524&#8243; img_size=&#8221;full&#8221; onclick=&#8221;custom_link&#8221; custom_links=&#8221;#E-8_aHR0cCUzQSUyRiUyRnd3dy50ODAuY2F0JTJGY2ElMkZwcm9qZWN0ZXMtaS1vYnJlcyUyRiUyQ2h0dHAlM0ElMkYlMkZ3d3cudDgwLmNhdCUyRmNhJTJGcHJvamVjdGVzLWktb2JyZXMlMkYlMkNodHRwJTNBJTJGJTJGd3d3LnQ4MC5jYXQlMkZjYSUyRnByb2plY3Rlcy1pLW9icmVzJTJGJTJDaHR0cCUzQSUyRiUyRnd3dy50ODAuY2F0JTJGY2ElMkZwcm9qZWN0ZXMtaS1vYnJlcyUyRiUyQ2h0dHAlM0ElMkYlMkZ3d3cudDgwLmNhdCUyRmNhJTJGcHJvamVjdGVzLWktb2JyZXMlMkYlMkNodHRwJTNBJTJGJTJGd3d3LnQ4MC5jYXQlMkZjYSUyRnByb2plY3Rlcy1pLW9icmVzJTJGJTJDaHR0cCUzQSUyRiUyRnd3dy50ODAuY2F0JTJGY2ElMkZwcm9qZWN0ZXMtaS1vYnJlcyUyRg==&#8221;][\/vc_column][\/vc_row]<\/p>\n","protected":false},"author":1,"featured_media":0,"parent":0,"menu_order":0,"comment_status":"closed","ping_status":"closed","template":"","meta":{"spay_email":""},"yoast_head":"<!-- This site is optimized with the Yoast SEO plugin v17.7.1 - https:\/\/yoast.com\/wordpress\/plugins\/seo\/ -->\n<meta name=\"description\" content=\"T80 ARQUITECTURA TECNICA - estudi t\u00e8cnic especialitzat en Direcci\u00f3 d\u2019Execuci\u00f3 d\u2019Obres i Direcci\u00f3 Integrada de projecte d\u2019Edificaci\u00f3 - Tarragona i Barcelona\" \/>\n<meta name=\"robots\" content=\"index, follow, max-snippet:-1, max-image-preview:large, max-video-preview:-1\" \/>\n<link rel=\"canonical\" href=\"https:\/\/www.t80.cat\/ca\/\" \/>\n<meta property=\"og:locale\" content=\"ca_ES\" \/>\n<meta property=\"og:type\" content=\"article\" \/>\n<meta property=\"og:title\" content=\"T80 ARQUITECTURA TECNICA - Arquitectura i Direcci\u00f3 d&#039;Obres\" \/>\n<meta property=\"og:description\" content=\"T80 ARQUITECTURA TECNICA - estudi t\u00e8cnic especialitzat en Direcci\u00f3 d\u2019Execuci\u00f3 d\u2019Obres i Direcci\u00f3 Integrada de projecte d\u2019Edificaci\u00f3 - Tarragona i Barcelona\" \/>\n<meta property=\"og:url\" content=\"https:\/\/www.t80.cat\/ca\/\" \/>\n<meta property=\"og:site_name\" content=\"T80 ARQUITECTURA TECNICA\" \/>\n<meta property=\"article:modified_time\" content=\"2017-02-13T08:42:10+00:00\" \/>\n<meta name=\"twitter:card\" content=\"summary\" \/>\n<script type=\"application\/ld+json\" class=\"yoast-schema-graph\">{\"@context\":\"https:\/\/schema.org\",\"@graph\":[{\"@type\":\"WebSite\",\"@id\":\"https:\/\/www.t80.cat\/#website\",\"url\":\"https:\/\/www.t80.cat\/\",\"name\":\"T80 ARQUITECTURA TECNICA\",\"description\":\"Arquitectura y Direcci\\u00f3n de obras\",\"potentialAction\":[{\"@type\":\"SearchAction\",\"target\":{\"@type\":\"EntryPoint\",\"urlTemplate\":\"https:\/\/www.t80.cat\/?s={search_term_string}\"},\"query-input\":\"required name=search_term_string\"}],\"inLanguage\":\"ca\"},{\"@type\":\"WebPage\",\"@id\":\"https:\/\/www.t80.cat\/ca\/#webpage\",\"url\":\"https:\/\/www.t80.cat\/ca\/\",\"name\":\"T80 ARQUITECTURA TECNICA - Arquitectura i Direcci\\u00f3 d'Obres\",\"isPartOf\":{\"@id\":\"https:\/\/www.t80.cat\/#website\"},\"datePublished\":\"2016-11-17T09:01:01+00:00\",\"dateModified\":\"2017-02-13T08:42:10+00:00\",\"description\":\"T80 ARQUITECTURA TECNICA - estudi t\\u00e8cnic especialitzat en Direcci\\u00f3 d\\u2019Execuci\\u00f3 d\\u2019Obres i Direcci\\u00f3 Integrada de projecte d\\u2019Edificaci\\u00f3 - Tarragona i Barcelona\",\"breadcrumb\":{\"@id\":\"https:\/\/www.t80.cat\/ca\/#breadcrumb\"},\"inLanguage\":\"ca\",\"potentialAction\":[{\"@type\":\"ReadAction\",\"target\":[\"https:\/\/www.t80.cat\/ca\/\"]}]},{\"@type\":\"BreadcrumbList\",\"@id\":\"https:\/\/www.t80.cat\/ca\/#breadcrumb\",\"itemListElement\":[{\"@type\":\"ListItem\",\"position\":1,\"name\":\"Portada\",\"item\":\"https:\/\/www.t80.cat\/ca\/\"},{\"@type\":\"ListItem\",\"position\":2,\"name\":\"Inici\"}]}]}<\/script>\n<!-- \/ Yoast SEO plugin. -->","yoast_head_json":{"description":"T80 ARQUITECTURA TECNICA - estudi t\u00e8cnic especialitzat en Direcci\u00f3 d\u2019Execuci\u00f3 d\u2019Obres i Direcci\u00f3 Integrada de projecte d\u2019Edificaci\u00f3 - Tarragona i Barcelona","robots":{"index":"index","follow":"follow","max-snippet":"max-snippet:-1","max-image-preview":"max-image-preview:large","max-video-preview":"max-video-preview:-1"},"canonical":"https:\/\/www.t80.cat\/ca\/","og_locale":"ca_ES","og_type":"article","og_title":"T80 ARQUITECTURA TECNICA - Arquitectura i Direcci\u00f3 d'Obres","og_description":"T80 ARQUITECTURA TECNICA - estudi t\u00e8cnic especialitzat en Direcci\u00f3 d\u2019Execuci\u00f3 d\u2019Obres i Direcci\u00f3 Integrada de projecte d\u2019Edificaci\u00f3 - Tarragona i Barcelona","og_url":"https:\/\/www.t80.cat\/ca\/","og_site_name":"T80 ARQUITECTURA TECNICA","article_modified_time":"2017-02-13T08:42:10+00:00","twitter_card":"summary","schema":{"@context":"https:\/\/schema.org","@graph":[{"@type":"WebSite","@id":"https:\/\/www.t80.cat\/#website","url":"https:\/\/www.t80.cat\/","name":"T80 ARQUITECTURA TECNICA","description":"Arquitectura y Direcci\u00f3n de obras","potentialAction":[{"@type":"SearchAction","target":{"@type":"EntryPoint","urlTemplate":"https:\/\/www.t80.cat\/?s={search_term_string}"},"query-input":"required name=search_term_string"}],"inLanguage":"ca"},{"@type":"WebPage","@id":"https:\/\/www.t80.cat\/ca\/#webpage","url":"https:\/\/www.t80.cat\/ca\/","name":"T80 ARQUITECTURA TECNICA - Arquitectura i Direcci\u00f3 d'Obres","isPartOf":{"@id":"https:\/\/www.t80.cat\/#website"},"datePublished":"2016-11-17T09:01:01+00:00","dateModified":"2017-02-13T08:42:10+00:00","description":"T80 ARQUITECTURA TECNICA - estudi t\u00e8cnic especialitzat en Direcci\u00f3 d\u2019Execuci\u00f3 d\u2019Obres i Direcci\u00f3 Integrada de projecte d\u2019Edificaci\u00f3 - Tarragona i Barcelona","breadcrumb":{"@id":"https:\/\/www.t80.cat\/ca\/#breadcrumb"},"inLanguage":"ca","potentialAction":[{"@type":"ReadAction","target":["https:\/\/www.t80.cat\/ca\/"]}]},{"@type":"BreadcrumbList","@id":"https:\/\/www.t80.cat\/ca\/#breadcrumb","itemListElement":[{"@type":"ListItem","position":1,"name":"Portada","item":"https:\/\/www.t80.cat\/ca\/"},{"@type":"ListItem","position":2,"name":"Inici"}]}]}},"jetpack_sharing_enabled":true,"jetpack_shortlink":"https:\/\/wp.me\/P8iWbY-7C","_links":{"self":[{"href":"https:\/\/www.t80.cat\/ca\/wp-json\/wp\/v2\/pages\/472"}],"collection":[{"href":"https:\/\/www.t80.cat\/ca\/wp-json\/wp\/v2\/pages"}],"about":[{"href":"https:\/\/www.t80.cat\/ca\/wp-json\/wp\/v2\/types\/page"}],"author":[{"embeddable":true,"href":"https:\/\/www.t80.cat\/ca\/wp-json\/wp\/v2\/users\/1"}],"replies":[{"embeddable":true,"href":"https:\/\/www.t80.cat\/ca\/wp-json\/wp\/v2\/comments?post=472"}],"version-history":[{"count":22,"href":"https:\/\/www.t80.cat\/ca\/wp-json\/wp\/v2\/pages\/472\/revisions"}],"predecessor-version":[{"id":742,"href":"https:\/\/www.t80.cat\/ca\/wp-json\/wp\/v2\/pages\/472\/revisions\/742"}],"wp:attachment":[{"href":"https:\/\/www.t80.cat\/ca\/wp-json\/wp\/v2\/media?parent=472"}],"curies":[{"name":"wp","href":"https:\/\/api.w.org\/{rel}","templated":true}]}}