{"id":560,"date":"2017-01-31T13:42:05","date_gmt":"2017-01-31T12:42:05","guid":{"rendered":"https:\/\/www.t80.cat\/?page_id=560"},"modified":"2019-06-10T10:46:21","modified_gmt":"2019-06-10T08:46:21","slug":"perfil","status":"publish","type":"page","link":"https:\/\/www.t80.cat\/ca\/perfil\/","title":{"rendered":"Perfil"},"content":{"rendered":"<p>[vc_row row_type=&#8221;row&#8221; use_row_as_full_screen_section=&#8221;no&#8221; type=&#8221;full_width&#8221; text_align=&#8221;left&#8221; css_animation=&#8221;&#8221;][vc_column][vc_column_text]<\/p>\n<h3>QUI SOM<\/h3>\n<p>[\/vc_column_text][vc_empty_space height=&#8221;30px&#8221;]<div class='qode_carousels_holder clearfix hover_second_image'><div class='qode_carousels ' data-number_of_items = 4><ul class='slides'><li class='item'><div class=\"carousel_item_holder\"><span class='first_image_holder '><img src='https:\/\/www.t80.cat\/wp-content\/uploads\/2022\/09\/WhatsApp-Image-2022-08-24-at-16.04.24-2-4.jpeg' alt=''><\/span><\/div><\/li><li class='item'><div class=\"carousel_item_holder\"><span class='first_image_holder '><img src='https:\/\/www.t80.cat\/wp-content\/uploads\/2022\/09\/1.png' alt=''><\/span><\/div><\/li><li class='item'><div class=\"carousel_item_holder\"><span class='first_image_holder '><img src='https:\/\/www.t80.cat\/wp-content\/uploads\/2022\/09\/0000000002322581-scaled.jpg' alt=''><\/span><\/div><\/li><li class='item'><div class=\"carousel_item_holder\"><span class='first_image_holder '><img src='https:\/\/www.t80.cat\/wp-content\/uploads\/2022\/09\/MG_9161-min-1-scaled.jpg' alt=''><\/span><\/div><\/li><li class='item'><div class=\"carousel_item_holder\"><span class='first_image_holder '><img src='https:\/\/www.t80.cat\/wp-content\/uploads\/2021\/02\/th1_Altafulla_Piso_0009_lowres.jpg' alt=''><\/span><\/div><\/li><li class='item'><div class=\"carousel_item_holder\"><span class='first_image_holder '><img src='https:\/\/www.t80.cat\/wp-content\/uploads\/2022\/09\/Extdia_9-1024x749-2.jpg' alt=''><\/span><\/div><\/li><li class='item'><div class=\"carousel_item_holder\"><span class='first_image_holder '><img src='https:\/\/www.t80.cat\/wp-content\/uploads\/2018\/08\/3.png' alt=''><\/span><\/div><\/li><li class='item'><div class=\"carousel_item_holder\"><span class='first_image_holder '><img src='https:\/\/www.t80.cat\/wp-content\/uploads\/2021\/01\/exterior-view.jpg' alt=''><\/span><\/div><\/li><li class='item'><div class=\"carousel_item_holder\"><span class='first_image_holder '><img src='https:\/\/www.t80.cat\/wp-content\/uploads\/2021\/02\/1915-HOTEL_TSH_22a_Cam02.jpg' alt=''><\/span><\/div><\/li><li class='item'><div class=\"carousel_item_holder\"><span class='first_image_holder '><img src='https:\/\/www.t80.cat\/wp-content\/uploads\/2021\/02\/la-mola-hotel-04-1.jpg' alt=''><\/span><\/div><\/li><li class='item'><div class=\"carousel_item_holder\"><span class='first_image_holder '><img src='https:\/\/www.t80.cat\/wp-content\/uploads\/2021\/02\/Escocesa-1-1.jpg' alt=''><\/span><\/div><\/li><li class='item'><div class=\"carousel_item_holder\"><span class='first_image_holder '><img src='https:\/\/www.t80.cat\/wp-content\/uploads\/2016\/11\/t80-arquitecturatecnica-edificio.jpg' alt='co-10-cat'><\/span><\/div><\/li><li class='item'><div class=\"carousel_item_holder\"><span class='first_image_holder '><img src='https:\/\/www.t80.cat\/wp-content\/uploads\/2016\/11\/t80-arquitecturatecnica-MasEnric.jpg' alt='co-9-cat'><\/span><\/div><\/li><li class='item'><div class=\"carousel_item_holder\"><span class='first_image_holder '><img src='https:\/\/www.t80.cat\/wp-content\/uploads\/2016\/11\/t80-arquitecturatecnica-renovables.jpg' alt='co-8-cat'><\/span><\/div><\/li><li class='item'><div class=\"carousel_item_holder\"><span class='first_image_holder '><img src='https:\/\/www.t80.cat\/wp-content\/uploads\/2016\/11\/t80-arquitecturatecnica-sorigue.jpg' alt='co-7-cat'><\/span><\/div><\/li><li class='item'><div class=\"carousel_item_holder\"><span class='first_image_holder '><img src='https:\/\/www.t80.cat\/wp-content\/uploads\/2016\/11\/t80-home1.jpg' alt='co-6-cat'><\/span><\/div><\/li><li class='item'><div class=\"carousel_item_holder\"><span class='first_image_holder '><img src='https:\/\/www.t80.cat\/wp-content\/uploads\/2016\/11\/t80-home19.jpg' alt='co-5-cat'><\/span><\/div><\/li><li class='item'><div class=\"carousel_item_holder\"><span class='first_image_holder '><img src='https:\/\/www.t80.cat\/wp-content\/uploads\/2016\/11\/t80-home17.jpg' alt='co-4-cat'><\/span><\/div><\/li><li class='item'><div class=\"carousel_item_holder\"><span class='first_image_holder '><img src='https:\/\/www.t80.cat\/wp-content\/uploads\/2016\/11\/t80-home15.jpg' alt='co-3-cat'><\/span><\/div><\/li><li class='item'><div class=\"carousel_item_holder\"><span class='first_image_holder '><img src='https:\/\/www.t80.cat\/wp-content\/uploads\/2016\/11\/t80-home12.jpg' alt='co-1-cat'><\/span><\/div><\/li><li class='item'><div class=\"carousel_item_holder\"><span class='first_image_holder '><img src='https:\/\/www.t80.cat\/wp-content\/uploads\/2016\/11\/t80-home7.jpg' alt='co-0-ca'><\/span><\/div><\/li><\/ul><\/div><\/div>[vc_empty_space height=&#8221;30px&#8221;][\/vc_column][\/vc_row][vc_row row_type=&#8221;row&#8221; use_row_as_full_screen_section=&#8221;no&#8221; type=&#8221;full_width&#8221; text_align=&#8221;left&#8221; css_animation=&#8221;&#8221;][vc_column width=&#8221;1\/2&#8243;][vc_column_text]Toni Gonz\u00e1lez, Tarragona 1980, \u00e9s Arquitecte T\u00e8cnic per la Universitat Polit\u00e8cnica de Catalunya (2003), Enginyer d\u2019Edificaci\u00f3 per la Universidad Antonio de Nebrija de Madrid (2011) i MBA per la Universitat Rovira i Virgili de Tarragona (2017.)<\/p>\n<p>L\u2019any 2013 funda T80 ARQUITECTURA TECNICA, un estudi t\u00e8cnic especialitzat en la Direcci\u00f3 d\u2019Execuci\u00f3 d\u2019Obres i Direcci\u00f3 Integrada de projecte d\u2019Edificaci\u00f3.<\/p>\n<p>Fins avui s\u2019han dirigit diferents obres tant d\u2019arquitectura singular, com d\u2019\u00e0mbit sanitari, residencial, o hoteler entre altres; sent finalista dels Premis Catalunya Construcci\u00f3 2013 a la categoria de Direcci\u00f3 d\u2019Execuci\u00f3 d\u2019Obra, pel Centre Penitenciari Mas d\u2019Enric. Tamb\u00e9 s\u2019han realitzat treballs a nivell internacional a Am\u00e8rica del Sud i \u00c0frica.<\/p>\n<p>[\/vc_column_text][\/vc_column][vc_column width=&#8221;1\/2&#8243;][vc_column_text]<\/p>\n<p>T80 aposta pel treball col\u00b7laboratiu,\u00a0 obert, integrador i entenent que es forma part d\u2019un equip multidisciplinari amb un objectiu com\u00fa. Gr\u00e0cies a aquest enfocament i l\u2019experi\u00e8ncia adquirida en diferents grups de treballs i nacionalitats, T80 desenvolupa una metodologia de treball, basada en el Project Management Institute, guiada per procediments i est\u00e0ndards per garantir el cos, termini, qualitat i seguretat.<\/p>\n<p>A aquesta especialitzaci\u00f3 es sumen altres serveis t\u00e8cnics, propis de consultoria i assist\u00e8ncia t\u00e8cnica, tant en fase de desenvolupament de projecte i suport a equips d\u2019arquitectura, com en altres \u00e0mbits d\u2019actuaci\u00f3 com Facility Management.<\/p>\n<p>En definitiva, els serveis s\u2019orienten a una millora cont\u00ednua gr\u00e0cies a la implantaci\u00f3 d\u2019una metodologia de treball definida, i es caracteritzen per dos factors diferencials molt valorats pels clients: flexibilitat i adaptaci\u00f3 a les seves necessitats i requeriments.[\/vc_column_text][\/vc_column][\/vc_row][vc_row row_type=&#8221;row&#8221; use_row_as_full_screen_section=&#8221;no&#8221; type=&#8221;full_width&#8221; text_align=&#8221;left&#8221; css_animation=&#8221;&#8221;][vc_column][vc_empty_space height=&#8221;50px&#8221;][\/vc_column][\/vc_row][vc_row row_type=&#8221;row&#8221; use_row_as_full_screen_section=&#8221;no&#8221; type=&#8221;full_width&#8221; text_align=&#8221;left&#8221; padding_top=&#8221;100&#8243; padding_bottom=&#8221;100&#8243; css_animation=&#8221;&#8221;][vc_column][vc_column_text]<\/p>\n<h3 id=\"quefem\">QU\u00c8 FEM<\/h3>\n<p>[\/vc_column_text][vc_empty_space height=&#8221;30px&#8221;][vc_column_text]<\/p>\n<p>Per a T80 ARQUITECTURA TECNICA no existeixen dos projectes iguals ni dos clients similars.<\/p>\n<p>T80 ofereix un servei personalitzat, adaptant la metodologia de treball als requeriments del client i oferint flexibilitat a les seves necessitats, per a la consecuci\u00f3 dels objectius comuns.<\/p>\n<p>Els serveis es divideixen en tres \u00e0mbits d\u2019actuaci\u00f3: consultoria\/assist\u00e8ncia t\u00e8cnica, management i execuci\u00f3. S\u2019orienten i enfoquen constantment a complir cost, termini i qualitat, i es doten d\u2019una metodologia, basada en el Project Management Institute, que permet el desenvolupament i autogesti\u00f3 dels diferents professionals.<\/p>\n<p>[\/vc_column_text][vc_empty_space height=&#8221;30px&#8221;][vc_row_inner row_type=&#8221;row&#8221; type=&#8221;full_width&#8221; use_row_as_full_screen_section_slide=&#8221;no&#8221; text_align=&#8221;left&#8221; css_animation=&#8221;&#8221;][vc_column_inner width=&#8221;1\/3&#8243;]<div class='service_table_holder'><ul class='service_table_inner'><li class='service_table_title_holder background_color_type' style='background-color: #efefef;color: #7a7a7a;'><div class='service_table_title_inner'><div class='service_table_title_inner2'><h4 class='service_title' style='color: #7a7a7a;'> Consultoria<br \/>\nAssistencia t\u00e8cnica<\/h4><\/div><\/div><\/li><li class='service_icon' style=''><i class='service_table_icon fa fa-desktop' style=''><\/i><\/li><li class='service_table_content' style=''><\/p>\n<ul>\n<li>Project Monitoring<\/li>\n<li>Oficina t\u00e8cnica, predimensionat de costos, amidaments, etc\u2026<\/li>\n<li>Auditories de projecte, Pla de control de qualitat<\/li>\n<\/ul>\n<p><\/li><\/ul><\/div>[\/vc_column_inner][vc_column_inner width=&#8221;1\/3&#8243;]<div class='service_table_holder'><ul class='service_table_inner'><li class='service_table_title_holder background_color_type' style='background-color: #efefef;color: #7a7a7a;'><div class='service_table_title_inner'><div class='service_table_title_inner2'><h4 class='service_title' style='color: #7a7a7a;'>Management<\/h4><\/div><\/div><\/li><li class='service_icon' style=''><i class='service_table_icon fa fa-users' style=''><\/i><\/li><li class='service_table_content' style=''><\/p>\n<ul>\n<li>Project Management<\/li>\n<li>Facility Management<\/li>\n<li>Construction Management<\/li>\n<\/ul>\n<p><\/li><\/ul><\/div>[\/vc_column_inner][vc_column_inner width=&#8221;1\/3&#8243;]<div class='service_table_holder'><ul class='service_table_inner'><li class='service_table_title_holder background_color_type' style='background-color: #efefef;color: #7a7a7a;'><div class='service_table_title_inner'><div class='service_table_title_inner2'><h4 class='service_title' style='color: #7a7a7a;'>Execuci\u00f3<\/h4><\/div><\/div><\/li><li class='service_icon' style=''><i class='service_table_icon fa fa-wrench' style=''><\/i><\/li><li class='service_table_content' style=''><\/p>\n<ul>\n<li>Direcci\u00f3 d&#8217;Obra<\/li>\n<li>Direcci\u00f3 d&#8217;Execuci\u00f3 d&#8217;Obra<\/li>\n<li>Coordinaci\u00f3 de Seguretat i Salut<\/li>\n<\/ul>\n<p><\/li><\/ul><\/div>[\/vc_column_inner][\/vc_row_inner][\/vc_column][\/vc_row][vc_row row_type=&#8221;row&#8221; use_row_as_full_screen_section=&#8221;no&#8221; type=&#8221;full_width&#8221; text_align=&#8221;left&#8221; css_animation=&#8221;&#8221;][vc_column][vc_empty_space height=&#8221;30px&#8221;][\/vc_column][\/vc_row]<\/p>\n","protected":false},"excerpt":{"rendered":"<p>[vc_row row_type=&#8221;row&#8221; use_row_as_full_screen_section=&#8221;no&#8221; type=&#8221;full_width&#8221; text_align=&#8221;left&#8221; css_animation=&#8221;&#8221;][vc_column][vc_column_text] QUI SOM [\/vc_column_text][vc_empty_space height=&#8221;30px&#8221;][vc_empty_space height=&#8221;30px&#8221;][\/vc_column][\/vc_row][vc_row row_type=&#8221;row&#8221; use_row_as_full_screen_section=&#8221;no&#8221; type=&#8221;full_width&#8221; text_align=&#8221;left&#8221; css_animation=&#8221;&#8221;][vc_column width=&#8221;1\/2&#8243;][vc_column_text]Toni Gonz\u00e1lez, Tarragona 1980, \u00e9s Arquitecte T\u00e8cnic per la Universitat Polit\u00e8cnica de Catalunya (2003), Enginyer d\u2019Edificaci\u00f3 per la Universidad Antonio de Nebrija de Madrid (2011) i MBA per la&#8230;<\/p>\n","protected":false},"author":1,"featured_media":0,"parent":0,"menu_order":0,"comment_status":"closed","ping_status":"closed","template":"","meta":{"spay_email":""},"yoast_head":"<!-- This site is optimized with the Yoast SEO plugin v17.7.1 - https:\/\/yoast.com\/wordpress\/plugins\/seo\/ -->\n<meta name=\"description\" content=\"T80 ARQUITECTURA TECNICA, un estudi t\u00e8cnic especialitzat en la Direcci\u00f3 d\u2019Execuci\u00f3 d\u2019Obres i Direcci\u00f3 Integrada de projecte d\u2019Edificaci\u00f3.\" \/>\n<meta name=\"robots\" content=\"index, follow, max-snippet:-1, max-image-preview:large, max-video-preview:-1\" \/>\n<link rel=\"canonical\" href=\"https:\/\/www.t80.cat\/ca\/perfil\/\" \/>\n<meta property=\"og:locale\" content=\"ca_ES\" \/>\n<meta property=\"og:type\" content=\"article\" \/>\n<meta property=\"og:title\" content=\"Qui som - T80 - ARQUITECTURA TECNICA\" \/>\n<meta property=\"og:description\" content=\"T80 ARQUITECTURA TECNICA, un estudi t\u00e8cnic especialitzat en la Direcci\u00f3 d\u2019Execuci\u00f3 d\u2019Obres i Direcci\u00f3 Integrada de projecte d\u2019Edificaci\u00f3.\" \/>\n<meta property=\"og:url\" content=\"https:\/\/www.t80.cat\/ca\/perfil\/\" \/>\n<meta property=\"og:site_name\" content=\"T80 ARQUITECTURA TECNICA\" \/>\n<meta property=\"article:modified_time\" content=\"2019-06-10T08:46:21+00:00\" \/>\n<meta name=\"twitter:card\" content=\"summary\" \/>\n<meta name=\"twitter:label1\" content=\"Temps estimat de lectura\" \/>\n\t<meta name=\"twitter:data1\" content=\"4 minuts\" \/>\n<script type=\"application\/ld+json\" class=\"yoast-schema-graph\">{\"@context\":\"https:\/\/schema.org\",\"@graph\":[{\"@type\":\"WebSite\",\"@id\":\"https:\/\/www.t80.cat\/#website\",\"url\":\"https:\/\/www.t80.cat\/\",\"name\":\"T80 ARQUITECTURA TECNICA\",\"description\":\"Arquitectura y Direcci\\u00f3n de obras\",\"potentialAction\":[{\"@type\":\"SearchAction\",\"target\":{\"@type\":\"EntryPoint\",\"urlTemplate\":\"https:\/\/www.t80.cat\/?s={search_term_string}\"},\"query-input\":\"required name=search_term_string\"}],\"inLanguage\":\"ca\"},{\"@type\":\"WebPage\",\"@id\":\"https:\/\/www.t80.cat\/ca\/perfil\/#webpage\",\"url\":\"https:\/\/www.t80.cat\/ca\/perfil\/\",\"name\":\"Qui som - T80 - ARQUITECTURA TECNICA\",\"isPartOf\":{\"@id\":\"https:\/\/www.t80.cat\/#website\"},\"datePublished\":\"2017-01-31T12:42:05+00:00\",\"dateModified\":\"2019-06-10T08:46:21+00:00\",\"description\":\"T80 ARQUITECTURA TECNICA, un estudi t\\u00e8cnic especialitzat en la Direcci\\u00f3 d\\u2019Execuci\\u00f3 d\\u2019Obres i Direcci\\u00f3 Integrada de projecte d\\u2019Edificaci\\u00f3.\",\"breadcrumb\":{\"@id\":\"https:\/\/www.t80.cat\/ca\/perfil\/#breadcrumb\"},\"inLanguage\":\"ca\",\"potentialAction\":[{\"@type\":\"ReadAction\",\"target\":[\"https:\/\/www.t80.cat\/ca\/perfil\/\"]}]},{\"@type\":\"BreadcrumbList\",\"@id\":\"https:\/\/www.t80.cat\/ca\/perfil\/#breadcrumb\",\"itemListElement\":[{\"@type\":\"ListItem\",\"position\":1,\"name\":\"Portada\",\"item\":\"https:\/\/www.t80.cat\/ca\/\"},{\"@type\":\"ListItem\",\"position\":2,\"name\":\"Perfil\"}]}]}<\/script>\n<!-- \/ Yoast SEO plugin. -->","yoast_head_json":{"description":"T80 ARQUITECTURA TECNICA, un estudi t\u00e8cnic especialitzat en la Direcci\u00f3 d\u2019Execuci\u00f3 d\u2019Obres i Direcci\u00f3 Integrada de projecte d\u2019Edificaci\u00f3.","robots":{"index":"index","follow":"follow","max-snippet":"max-snippet:-1","max-image-preview":"max-image-preview:large","max-video-preview":"max-video-preview:-1"},"canonical":"https:\/\/www.t80.cat\/ca\/perfil\/","og_locale":"ca_ES","og_type":"article","og_title":"Qui som - T80 - ARQUITECTURA TECNICA","og_description":"T80 ARQUITECTURA TECNICA, un estudi t\u00e8cnic especialitzat en la Direcci\u00f3 d\u2019Execuci\u00f3 d\u2019Obres i Direcci\u00f3 Integrada de projecte d\u2019Edificaci\u00f3.","og_url":"https:\/\/www.t80.cat\/ca\/perfil\/","og_site_name":"T80 ARQUITECTURA TECNICA","article_modified_time":"2019-06-10T08:46:21+00:00","twitter_card":"summary","twitter_misc":{"Temps estimat de lectura":"4 minuts"},"schema":{"@context":"https:\/\/schema.org","@graph":[{"@type":"WebSite","@id":"https:\/\/www.t80.cat\/#website","url":"https:\/\/www.t80.cat\/","name":"T80 ARQUITECTURA TECNICA","description":"Arquitectura y Direcci\u00f3n de obras","potentialAction":[{"@type":"SearchAction","target":{"@type":"EntryPoint","urlTemplate":"https:\/\/www.t80.cat\/?s={search_term_string}"},"query-input":"required name=search_term_string"}],"inLanguage":"ca"},{"@type":"WebPage","@id":"https:\/\/www.t80.cat\/ca\/perfil\/#webpage","url":"https:\/\/www.t80.cat\/ca\/perfil\/","name":"Qui som - T80 - ARQUITECTURA TECNICA","isPartOf":{"@id":"https:\/\/www.t80.cat\/#website"},"datePublished":"2017-01-31T12:42:05+00:00","dateModified":"2019-06-10T08:46:21+00:00","description":"T80 ARQUITECTURA TECNICA, un estudi t\u00e8cnic especialitzat en la Direcci\u00f3 d\u2019Execuci\u00f3 d\u2019Obres i Direcci\u00f3 Integrada de projecte d\u2019Edificaci\u00f3.","breadcrumb":{"@id":"https:\/\/www.t80.cat\/ca\/perfil\/#breadcrumb"},"inLanguage":"ca","potentialAction":[{"@type":"ReadAction","target":["https:\/\/www.t80.cat\/ca\/perfil\/"]}]},{"@type":"BreadcrumbList","@id":"https:\/\/www.t80.cat\/ca\/perfil\/#breadcrumb","itemListElement":[{"@type":"ListItem","position":1,"name":"Portada","item":"https:\/\/www.t80.cat\/ca\/"},{"@type":"ListItem","position":2,"name":"Perfil"}]}]}},"jetpack_sharing_enabled":true,"jetpack_shortlink":"https:\/\/wp.me\/P8iWbY-92","_links":{"self":[{"href":"https:\/\/www.t80.cat\/ca\/wp-json\/wp\/v2\/pages\/560"}],"collection":[{"href":"https:\/\/www.t80.cat\/ca\/wp-json\/wp\/v2\/pages"}],"about":[{"href":"https:\/\/www.t80.cat\/ca\/wp-json\/wp\/v2\/types\/page"}],"author":[{"embeddable":true,"href":"https:\/\/www.t80.cat\/ca\/wp-json\/wp\/v2\/users\/1"}],"replies":[{"embeddable":true,"href":"https:\/\/www.t80.cat\/ca\/wp-json\/wp\/v2\/comments?post=560"}],"version-history":[{"count":10,"href":"https:\/\/www.t80.cat\/ca\/wp-json\/wp\/v2\/pages\/560\/revisions"}],"predecessor-version":[{"id":758,"href":"https:\/\/www.t80.cat\/ca\/wp-json\/wp\/v2\/pages\/560\/revisions\/758"}],"wp:attachment":[{"href":"https:\/\/www.t80.cat\/ca\/wp-json\/wp\/v2\/media?parent=560"}],"curies":[{"name":"wp","href":"https:\/\/api.w.org\/{rel}","templated":true}]}}